
  







{"id":65,"date":"2025-04-08T14:46:48","date_gmt":"2025-04-08T12:46:48","guid":{"rendered":"https:\/\/www.strusim.com\/?page_id=65"},"modified":"2025-06-23T10:45:51","modified_gmt":"2025-06-23T08:45:51","slug":"contact","status":"publish","type":"page","link":"https:\/\/www.strusim.com\/en\/contact\/","title":{"rendered":"Contact"},"content":{"rendered":"\t\t<div data-elementor-type=\"wp-page\" data-elementor-id=\"65\" class=\"elementor elementor-65\" data-elementor-post-type=\"page\">\n\t\t\t\t\t\t<section class=\"elementor-section elementor-top-section elementor-element elementor-element-17be246 elementor-section-boxed elementor-section-height-default elementor-section-height-default\" data-id=\"17be246\" data-element_type=\"section\" data-settings=\"{&quot;background_background&quot;:&quot;classic&quot;}\">\n\t\t\t\t\t\t\t<div class=\"elementor-background-overlay\"><\/div>\n\t\t\t\t\t\t\t<div class=\"elementor-container elementor-column-gap-default\">\n\t\t\t\t\t<div class=\"elementor-column elementor-col-100 elementor-top-column elementor-element elementor-element-262010b\" data-id=\"262010b\" data-element_type=\"column\">\n\t\t\t<div class=\"elementor-widget-wrap elementor-element-populated\">\n\t\t\t\t\t\t<div class=\"elementor-element elementor-element-61b1f0a elementor-widget elementor-widget-heading\" data-id=\"61b1f0a\" data-element_type=\"widget\" data-widget_type=\"heading.default\">\n\t\t\t\t<div class=\"elementor-widget-container\">\n\t\t\t\t\t<p class=\"elementor-heading-title elementor-size-default\">Let\u2019s Work Together<\/p>\t\t\t\t<\/div>\n\t\t\t\t<\/div>\n\t\t\t\t<div class=\"elementor-element elementor-element-4b58284 elementor-widget elementor-widget-html\" data-id=\"4b58284\" data-element_type=\"widget\" data-widget_type=\"html.default\">\n\t\t\t\t<div class=\"elementor-widget-container\">\n\t\t\t\t\t<div class=\"separateur\">\n    \n<\/div>\n<style>\n  .separateur {\n      width: 7,125rem;\n      height: 0.1875rem;\nbackground: transparent linear-gradient(90deg, #134275, #3d8bdf 18%, #dfe1e0 40%, #fff6c1 60%, #fc0 80%, #f60) 0 0 no-repeat padding-box;\n}  \n<\/style>\n\t\t\t\t<\/div>\n\t\t\t\t<\/div>\n\t\t\t\t<div class=\"elementor-element elementor-element-2096bcc elementor-widget elementor-widget-heading\" data-id=\"2096bcc\" data-element_type=\"widget\" data-widget_type=\"heading.default\">\n\t\t\t\t<div class=\"elementor-widget-container\">\n\t\t\t\t\t<h5 class=\"elementor-heading-title elementor-size-default\">Get in touch with our team to explore collaboration, support, or any inquiry about STRUDL-X and NSO-X.<\/h5>\t\t\t\t<\/div>\n\t\t\t\t<\/div>\n\t\t\t\t\t<\/div>\n\t\t<\/div>\n\t\t\t\t\t<\/div>\n\t\t<\/section>\n\t\t\t\t<section class=\"elementor-section elementor-top-section elementor-element elementor-element-5f5591d elementor-section-boxed elementor-section-height-default elementor-section-height-default\" data-id=\"5f5591d\" data-element_type=\"section\">\n\t\t\t\t\t\t<div class=\"elementor-container elementor-column-gap-default\">\n\t\t\t\t\t<div class=\"elementor-column elementor-col-100 elementor-top-column elementor-element elementor-element-a9ec6ac\" data-id=\"a9ec6ac\" data-element_type=\"column\" data-settings=\"{&quot;background_background&quot;:&quot;classic&quot;}\">\n\t\t\t<div class=\"elementor-widget-wrap elementor-element-populated\">\n\t\t\t\t<div class=\"elementor-element elementor-element-63b1cf2 e-flex e-con-boxed e-con e-parent\" data-id=\"63b1cf2\" data-element_type=\"container\">\n\t\t\t\t\t<div class=\"e-con-inner\">\n\t\t\t\t<div class=\"elementor-element elementor-element-8eb2952 elementor-widget elementor-widget-heading\" data-id=\"8eb2952\" data-element_type=\"widget\" data-widget_type=\"heading.default\">\n\t\t\t\t<div class=\"elementor-widget-container\">\n\t\t\t\t\t<p class=\"elementor-heading-title elementor-size-default\">Home<\/p>\t\t\t\t<\/div>\n\t\t\t\t<\/div>\n\t\t\t\t<div class=\"elementor-element elementor-element-f1d5923 elementor-view-default elementor-widget elementor-widget-icon\" data-id=\"f1d5923\" data-element_type=\"widget\" data-widget_type=\"icon.default\">\n\t\t\t\t<div class=\"elementor-widget-container\">\n\t\t\t\t\t\t\t<div class=\"elementor-icon-wrapper\">\n\t\t\t<div class=\"elementor-icon\">\n\t\t\t<svg aria-hidden=\"true\" class=\"e-font-icon-svg e-fas-chevron-right\" viewBox=\"0 0 320 512\" xmlns=\"http:\/\/www.w3.org\/2000\/svg\"><path d=\"M285.476 272.971L91.132 467.314c-9.373 9.373-24.569 9.373-33.941 0l-22.667-22.667c-9.357-9.357-9.375-24.522-.04-33.901L188.505 256 34.484 101.255c-9.335-9.379-9.317-24.544.04-33.901l22.667-22.667c9.373-9.373 24.569-9.373 33.941 0L285.475 239.03c9.373 9.372 9.373 24.568.001 33.941z\"><\/path><\/svg>\t\t\t<\/div>\n\t\t<\/div>\n\t\t\t\t\t\t<\/div>\n\t\t\t\t<\/div>\n\t\t\t\t<div class=\"elementor-element elementor-element-7863420 elementor-widget elementor-widget-heading\" data-id=\"7863420\" data-element_type=\"widget\" data-widget_type=\"heading.default\">\n\t\t\t\t<div class=\"elementor-widget-container\">\n\t\t\t\t\t<p class=\"elementor-heading-title elementor-size-default\">Contact<\/p>\t\t\t\t<\/div>\n\t\t\t\t<\/div>\n\t\t\t\t\t<\/div>\n\t\t\t\t<\/div>\n\t\t\t\t<div class=\"elementor-element elementor-element-44ab7fc elementor-widget elementor-widget-heading\" data-id=\"44ab7fc\" data-element_type=\"widget\" data-widget_type=\"heading.default\">\n\t\t\t\t<div class=\"elementor-widget-container\">\n\t\t\t\t\t<h1 class=\"elementor-heading-title elementor-size-default\">Contact<\/h1>\t\t\t\t<\/div>\n\t\t\t\t<\/div>\n\t\t\t\t\t<\/div>\n\t\t<\/div>\n\t\t\t\t\t<\/div>\n\t\t<\/section>\n\t\t\t\t<section class=\"elementor-section elementor-top-section elementor-element elementor-element-3628995 elementor-section-boxed elementor-section-height-default elementor-section-height-default\" data-id=\"3628995\" data-element_type=\"section\">\n\t\t\t\t\t\t<div class=\"elementor-container elementor-column-gap-default\">\n\t\t\t\t\t<div class=\"elementor-column elementor-col-50 elementor-top-column elementor-element elementor-element-503b9b7\" data-id=\"503b9b7\" data-element_type=\"column\">\n\t\t\t<div class=\"elementor-widget-wrap elementor-element-populated\">\n\t\t\t\t\t\t<div class=\"elementor-element elementor-element-e7f6db0 elementor-widget elementor-widget-heading\" data-id=\"e7f6db0\" data-element_type=\"widget\" data-widget_type=\"heading.default\">\n\t\t\t\t<div class=\"elementor-widget-container\">\n\t\t\t\t\t<h2 class=\"elementor-heading-title elementor-size-default\">Contact details<\/h2>\t\t\t\t<\/div>\n\t\t\t\t<\/div>\n\t\t\t\t<div class=\"elementor-element elementor-element-00fd5ad elementor-widget elementor-widget-html\" data-id=\"00fd5ad\" data-element_type=\"widget\" data-widget_type=\"html.default\">\n\t\t\t\t<div class=\"elementor-widget-container\">\n\t\t\t\t\t<div class=\"separateur\">\n    \n<\/div>\n<style>\n  .separateur {\n      width: 7,125rem;\n      height: 0.1875rem;\nbackground: transparent linear-gradient(90deg, #134275, #3d8bdf 18%, #dfe1e0 40%, #fff6c1 60%, #fc0 80%, #f60) 0 0 no-repeat padding-box;\n}  \n<\/style>\n\t\t\t\t<\/div>\n\t\t\t\t<\/div>\n\t\t\t\t<div class=\"elementor-element elementor-element-aa30aa3 elementor-widget elementor-widget-text-editor\" data-id=\"aa30aa3\" data-element_type=\"widget\" data-widget_type=\"text-editor.default\">\n\t\t\t\t<div class=\"elementor-widget-container\">\n\t\t\t\t\t\t\t\t\t<p><strong>STRUSIM<\/strong><\/p><p>Space, Le Belv\u00e9d\u00e8re<br \/>1-7 Cours Valmy<br \/>92800 Puteaux &#8211; La D\u00e9fense<br \/>France<\/p>\t\t\t\t\t\t\t\t<\/div>\n\t\t\t\t<\/div>\n\t\t\t\t\t<\/div>\n\t\t<\/div>\n\t\t\t\t<div class=\"elementor-column elementor-col-50 elementor-top-column elementor-element elementor-element-f4f5257\" data-id=\"f4f5257\" data-element_type=\"column\">\n\t\t\t<div class=\"elementor-widget-wrap elementor-element-populated\">\n\t\t\t\t\t\t<div class=\"elementor-element elementor-element-e0a5bd0 elementor-widget elementor-widget-heading\" data-id=\"e0a5bd0\" data-element_type=\"widget\" data-widget_type=\"heading.default\">\n\t\t\t\t<div class=\"elementor-widget-container\">\n\t\t\t\t\t<p class=\"elementor-heading-title elementor-size-default\">Send us a message<\/p>\t\t\t\t<\/div>\n\t\t\t\t<\/div>\n\t\t\t\t<div class=\"elementor-element elementor-element-4901a76 elementor-widget elementor-widget-heading\" data-id=\"4901a76\" data-element_type=\"widget\" data-widget_type=\"heading.default\">\n\t\t\t\t<div class=\"elementor-widget-container\">\n\t\t\t\t\t<h2 class=\"elementor-heading-title elementor-size-default\">We're here to help.<\/h2>\t\t\t\t<\/div>\n\t\t\t\t<\/div>\n\t\t\t\t<div class=\"elementor-element elementor-element-e13812e elementor-button-align-stretch elementor-widget elementor-widget-form\" data-id=\"e13812e\" data-element_type=\"widget\" data-settings=\"{&quot;step_next_label&quot;:&quot;Suivant&quot;,&quot;step_previous_label&quot;:&quot;Pr\\u00e9c\\u00e9dent&quot;,&quot;button_width&quot;:&quot;100&quot;,&quot;step_type&quot;:&quot;number_text&quot;,&quot;step_icon_shape&quot;:&quot;circle&quot;}\" data-widget_type=\"form.default\">\n\t\t\t\t<div class=\"elementor-widget-container\">\n\t\t\t\t\t\t\t<form class=\"elementor-form\" method=\"post\" name=\"Nouveau formulaire\">\n\t\t\t<input type=\"hidden\" name=\"post_id\" value=\"65\"\/>\n\t\t\t<input type=\"hidden\" name=\"form_id\" value=\"e13812e\"\/>\n\t\t\t<input type=\"hidden\" name=\"referer_title\" value=\"Form and contact information\" \/>\n\n\t\t\t\t\t\t\t<input type=\"hidden\" name=\"queried_id\" value=\"65\"\/>\n\t\t\t\n\t\t\t<div class=\"elementor-form-fields-wrapper elementor-labels-above\">\n\t\t\t\t\t\t\t\t<div class=\"elementor-field-type-text elementor-field-group elementor-column elementor-field-group-name elementor-col-50 elementor-field-required\">\n\t\t\t\t\t\t\t\t\t\t\t\t<label for=\"form-field-name\" class=\"elementor-field-label\">\n\t\t\t\t\t\t\t\tLast name\t\t\t\t\t\t\t<\/label>\n\t\t\t\t\t\t\t\t\t\t\t\t\t\t<input size=\"1\" type=\"text\" name=\"form_fields[name]\" id=\"form-field-name\" class=\"elementor-field elementor-size-lg  elementor-field-textual\" placeholder=\"Last name\" required=\"required\">\n\t\t\t\t\t\t\t\t\t\t\t<\/div>\n\t\t\t\t\t\t\t\t<div class=\"elementor-field-type-text elementor-field-group elementor-column elementor-field-group-field_ea49471 elementor-col-50 elementor-field-required\">\n\t\t\t\t\t\t\t\t\t\t\t\t<label for=\"form-field-field_ea49471\" class=\"elementor-field-label\">\n\t\t\t\t\t\t\t\tFirst name\t\t\t\t\t\t\t<\/label>\n\t\t\t\t\t\t\t\t\t\t\t\t\t\t<input size=\"1\" type=\"text\" name=\"form_fields[field_ea49471]\" id=\"form-field-field_ea49471\" class=\"elementor-field elementor-size-lg  elementor-field-textual\" placeholder=\"First name\" required=\"required\">\n\t\t\t\t\t\t\t\t\t\t\t<\/div>\n\t\t\t\t\t\t\t\t<div class=\"elementor-field-type-text elementor-field-group elementor-column elementor-field-group-field_73bd81b elementor-col-100 elementor-field-required\">\n\t\t\t\t\t\t\t\t\t\t\t\t<label for=\"form-field-field_73bd81b\" class=\"elementor-field-label\">\n\t\t\t\t\t\t\t\tCompany\t\t\t\t\t\t\t<\/label>\n\t\t\t\t\t\t\t\t\t\t\t\t\t\t<input size=\"1\" type=\"text\" name=\"form_fields[field_73bd81b]\" id=\"form-field-field_73bd81b\" class=\"elementor-field elementor-size-lg  elementor-field-textual\" placeholder=\"Company\" required=\"required\">\n\t\t\t\t\t\t\t\t\t\t\t<\/div>\n\t\t\t\t\t\t\t\t<div class=\"elementor-field-type-tel elementor-field-group elementor-column elementor-field-group-field_465da35 elementor-col-50\">\n\t\t\t\t\t\t\t\t\t\t\t\t<label for=\"form-field-field_465da35\" class=\"elementor-field-label\">\n\t\t\t\t\t\t\t\tPhone\t\t\t\t\t\t\t<\/label>\n\t\t\t\t\t\t\t\t<input size=\"1\" type=\"tel\" name=\"form_fields[field_465da35]\" id=\"form-field-field_465da35\" class=\"elementor-field elementor-size-lg  elementor-field-textual\" placeholder=\"Phone\" pattern=\"[0-9()#&amp;+*-=.]+\" title=\"Only numbers and phone characters (#, -, *, etc) are accepted.\">\n\n\t\t\t\t\t\t<\/div>\n\t\t\t\t\t\t\t\t<div class=\"elementor-field-type-email elementor-field-group elementor-column elementor-field-group-email elementor-col-50 elementor-field-required\">\n\t\t\t\t\t\t\t\t\t\t\t\t<label for=\"form-field-email\" class=\"elementor-field-label\">\n\t\t\t\t\t\t\t\tE-mail\t\t\t\t\t\t\t<\/label>\n\t\t\t\t\t\t\t\t\t\t\t\t\t\t<input size=\"1\" type=\"email\" name=\"form_fields[email]\" id=\"form-field-email\" class=\"elementor-field elementor-size-lg  elementor-field-textual\" placeholder=\"E-mail\" required=\"required\">\n\t\t\t\t\t\t\t\t\t\t\t<\/div>\n\t\t\t\t\t\t\t\t<div class=\"elementor-field-type-textarea elementor-field-group elementor-column elementor-field-group-field_615ae77 elementor-col-100 elementor-field-required\">\n\t\t\t\t\t\t\t\t\t\t\t\t<label for=\"form-field-field_615ae77\" class=\"elementor-field-label\">\n\t\t\t\t\t\t\t\tYour message\t\t\t\t\t\t\t<\/label>\n\t\t\t\t\t\t<textarea class=\"elementor-field-textual elementor-field  elementor-size-lg\" name=\"form_fields[field_615ae77]\" id=\"form-field-field_615ae77\" rows=\"4\" placeholder=\"Your message\" required=\"required\"><\/textarea>\t\t\t\t<\/div>\n\t\t\t\t\t\t\t\t<div class=\"elementor-field-type-html elementor-field-group elementor-column elementor-field-group-field_594152f elementor-col-100\">\n\t\t\t\t\t<p style=\"font-size: 13px; line-height: 19px;\"><strong >By submitting this form, I agree that my personal data may be used to contact me again regarding my request. No other processing will be carried out with my information. To know and exercise your rights, please consult our <a href=\"\/privacy-policy\/\">privacy policy<\/a>.<\/p>\t\t\t\t<\/div>\n\t\t\t\t\t\t\t\t<div class=\"elementor-field-type-recaptcha_v3 elementor-field-group elementor-column elementor-field-group-field_e6f40af elementor-col-100 recaptcha_v3-bottomright\">\n\t\t\t\t\t<div class=\"elementor-field\" id=\"form-field-field_e6f40af\"><div class=\"elementor-g-recaptcha\" data-sitekey=\"6LfEFhQrAAAAAK57hYuzBy4OubQ_p--pIi6LtoT7\" data-type=\"v3\" data-action=\"Form\" data-badge=\"bottomright\" data-size=\"invisible\"><\/div><\/div>\t\t\t\t<\/div>\n\t\t\t\t\t\t\t\t<div class=\"elementor-field-group elementor-column elementor-field-type-submit elementor-col-100 e-form__buttons\">\n\t\t\t\t\t<button class=\"elementor-button elementor-size-lg\" type=\"submit\">\n\t\t\t\t\t\t<span class=\"elementor-button-content-wrapper\">\n\t\t\t\t\t\t\t\t\t\t\t\t\t\t\t\t\t\t\t\t\t\t<span class=\"elementor-button-text\">Send<\/span>\n\t\t\t\t\t\t\t\t\t\t\t\t\t<\/span>\n\t\t\t\t\t<\/button>\n\t\t\t\t<\/div>\n\t\t\t<\/div>\n\t\t<\/form>\n\t\t\t\t\t\t<\/div>\n\t\t\t\t<\/div>\n\t\t\t\t<div class=\"elementor-element elementor-element-258f222 elementor-widget elementor-widget-html\" data-id=\"258f222\" data-element_type=\"widget\" data-widget_type=\"html.default\">\n\t\t\t\t<div class=\"elementor-widget-container\">\n\t\t\t\t\t<script type=\"text\/javascript\">\r\ndocument.addEventListener('DOMContentLoaded', function () {\r\n\r\n    \/\/ Fonction pour v\u00e9rifier la pr\u00e9sence de .elementor-message-success et afficher la modale\r\n    function checkForElementorMessageSuccess() {\r\n        if (document.querySelector('.elementor-message-success')) {\r\n            \/\/ Pousser l'\u00e9v\u00e9nement dans dataLayer\r\n            dataLayer.push({\r\n                'event': 'confirmation-contact'\r\n            });\r\n\r\n            \/\/ Afficher la modale\r\nconsole.log(\"Push-contact\");\r\n            \/\/ Arr\u00eater l'observateur\r\n            observer.disconnect();\r\n        }\r\n    }\r\n\r\n    \/\/ V\u00e9rifie imm\u00e9diatement si l'\u00e9l\u00e9ment est d\u00e9j\u00e0 pr\u00e9sent\r\n    checkForElementorMessageSuccess();\r\n\r\n    \/\/ Utilisation de MutationObserver pour d\u00e9tecter les changements dans le DOM\r\n    var observer = new MutationObserver(checkForElementorMessageSuccess);\r\n    observer.observe(document.body, {\r\n        childList: true,\r\n        subtree: true\r\n    });\r\n\r\n});\r\n<\/script>\r\n\r\n\t\t\t\t<\/div>\n\t\t\t\t<\/div>\n\t\t\t\t\t<\/div>\n\t\t<\/div>\n\t\t\t\t\t<\/div>\n\t\t<\/section>\n\t\t\t\t<\/div>\n\t\t","protected":false},"excerpt":{"rendered":"<p>Let\u2019s Work Together Get in touch with our team to explore collaboration, support, or any inquiry about STRUDL-X and NSO-X. Home Contact details STRUSIM Space, Le Belv\u00e9d\u00e8re1-7 Cours Valmy92800 Puteaux &#8211; La D\u00e9fenseFrance Send us a message We&#8217;re here to help.<\/p>\n","protected":false},"author":1,"featured_media":0,"parent":0,"menu_order":0,"comment_status":"closed","ping_status":"closed","template":"","meta":{"footnotes":""},"class_list":["post-65","page","type-page","status-publish","hentry"],"yoast_head":"<!-- This site is optimized with the Yoast SEO plugin v25.3.1 - https:\/\/yoast.com\/wordpress\/plugins\/seo\/ -->\n<title>Form and contact information<\/title>\n<meta name=\"description\" content=\"Find all the information and a contact form to join the STRUSIM company.\" \/>\n<meta name=\"robots\" content=\"index, follow, max-snippet:-1, max-image-preview:large, max-video-preview:-1\" \/>\n<link rel=\"canonical\" href=\"https:\/\/www.strusim.com\/en\/contact\/\" \/>\n<meta property=\"og:locale\" content=\"en_GB\" \/>\n<meta property=\"og:type\" content=\"article\" \/>\n<meta property=\"og:title\" content=\"Form and contact information\" \/>\n<meta property=\"og:description\" content=\"Find all the information and a contact form to join the STRUSIM company.\" \/>\n<meta property=\"og:url\" content=\"https:\/\/www.strusim.com\/en\/contact\/\" \/>\n<meta property=\"og:site_name\" content=\"Strusim\" \/>\n<meta property=\"article:modified_time\" content=\"2025-06-23T08:45:51+00:00\" \/>\n<meta name=\"twitter:card\" content=\"summary_large_image\" \/>\n<meta name=\"twitter:label1\" content=\"Estimated reading time\" \/>\n\t<meta name=\"twitter:data1\" content=\"1 minute\" \/>\n<script type=\"application\/ld+json\" class=\"yoast-schema-graph\">{\"@context\":\"https:\/\/schema.org\",\"@graph\":[{\"@type\":\"WebPage\",\"@id\":\"https:\/\/www.strusim.com\/contact\/\",\"url\":\"https:\/\/www.strusim.com\/contact\/\",\"name\":\"Form and contact information\",\"isPartOf\":{\"@id\":\"http:\/\/www.strusim.com\/en\/#website\"},\"datePublished\":\"2025-04-08T12:46:48+00:00\",\"dateModified\":\"2025-06-23T08:45:51+00:00\",\"description\":\"Find all the information and a contact form to join the STRUSIM company.\",\"breadcrumb\":{\"@id\":\"https:\/\/www.strusim.com\/contact\/#breadcrumb\"},\"inLanguage\":\"en-GB\",\"potentialAction\":[{\"@type\":\"ReadAction\",\"target\":[\"https:\/\/www.strusim.com\/contact\/\"]}]},{\"@type\":\"BreadcrumbList\",\"@id\":\"https:\/\/www.strusim.com\/contact\/#breadcrumb\",\"itemListElement\":[{\"@type\":\"ListItem\",\"position\":1,\"name\":\"Accueil\",\"item\":\"http:\/\/www.strusim.com\/en\/\"},{\"@type\":\"ListItem\",\"position\":2,\"name\":\"Contact\"}]},{\"@type\":\"WebSite\",\"@id\":\"http:\/\/www.strusim.com\/en\/#website\",\"url\":\"http:\/\/www.strusim.com\/en\/\",\"name\":\"Strusim\",\"description\":\"\",\"publisher\":{\"@id\":\"http:\/\/www.strusim.com\/en\/#organization\"},\"potentialAction\":[{\"@type\":\"SearchAction\",\"target\":{\"@type\":\"EntryPoint\",\"urlTemplate\":\"http:\/\/www.strusim.com\/en\/?s={search_term_string}\"},\"query-input\":{\"@type\":\"PropertyValueSpecification\",\"valueRequired\":true,\"valueName\":\"search_term_string\"}}],\"inLanguage\":\"en-GB\"},{\"@type\":\"Organization\",\"@id\":\"http:\/\/www.strusim.com\/en\/#organization\",\"name\":\"Strusim\",\"url\":\"http:\/\/www.strusim.com\/en\/\",\"logo\":{\"@type\":\"ImageObject\",\"inLanguage\":\"en-GB\",\"@id\":\"http:\/\/www.strusim.com\/en\/#\/schema\/logo\/image\/\",\"url\":\"https:\/\/www.strusim.com\/wp-content\/uploads\/2025\/04\/logo.svg\",\"contentUrl\":\"https:\/\/www.strusim.com\/wp-content\/uploads\/2025\/04\/logo.svg\",\"width\":240,\"height\":55.28,\"caption\":\"Strusim\"},\"image\":{\"@id\":\"http:\/\/www.strusim.com\/en\/#\/schema\/logo\/image\/\"}}]}<\/script>\n<!-- \/ Yoast SEO plugin. -->","yoast_head_json":{"title":"Form and contact information","description":"Find all the information and a contact form to join the STRUSIM company.","robots":{"index":"index","follow":"follow","max-snippet":"max-snippet:-1","max-image-preview":"max-image-preview:large","max-video-preview":"max-video-preview:-1"},"canonical":"https:\/\/www.strusim.com\/en\/contact\/","og_locale":"en_GB","og_type":"article","og_title":"Form and contact information","og_description":"Find all the information and a contact form to join the STRUSIM company.","og_url":"https:\/\/www.strusim.com\/en\/contact\/","og_site_name":"Strusim","article_modified_time":"2025-06-23T08:45:51+00:00","twitter_card":"summary_large_image","twitter_misc":{"Estimated reading time":"1 minute"},"schema":{"@context":"https:\/\/schema.org","@graph":[{"@type":"WebPage","@id":"https:\/\/www.strusim.com\/contact\/","url":"https:\/\/www.strusim.com\/contact\/","name":"Form and contact information","isPartOf":{"@id":"http:\/\/www.strusim.com\/en\/#website"},"datePublished":"2025-04-08T12:46:48+00:00","dateModified":"2025-06-23T08:45:51+00:00","description":"Find all the information and a contact form to join the STRUSIM company.","breadcrumb":{"@id":"https:\/\/www.strusim.com\/contact\/#breadcrumb"},"inLanguage":"en-GB","potentialAction":[{"@type":"ReadAction","target":["https:\/\/www.strusim.com\/contact\/"]}]},{"@type":"BreadcrumbList","@id":"https:\/\/www.strusim.com\/contact\/#breadcrumb","itemListElement":[{"@type":"ListItem","position":1,"name":"Accueil","item":"http:\/\/www.strusim.com\/en\/"},{"@type":"ListItem","position":2,"name":"Contact"}]},{"@type":"WebSite","@id":"http:\/\/www.strusim.com\/en\/#website","url":"http:\/\/www.strusim.com\/en\/","name":"Strusim","description":"","publisher":{"@id":"http:\/\/www.strusim.com\/en\/#organization"},"potentialAction":[{"@type":"SearchAction","target":{"@type":"EntryPoint","urlTemplate":"http:\/\/www.strusim.com\/en\/?s={search_term_string}"},"query-input":{"@type":"PropertyValueSpecification","valueRequired":true,"valueName":"search_term_string"}}],"inLanguage":"en-GB"},{"@type":"Organization","@id":"http:\/\/www.strusim.com\/en\/#organization","name":"Strusim","url":"http:\/\/www.strusim.com\/en\/","logo":{"@type":"ImageObject","inLanguage":"en-GB","@id":"http:\/\/www.strusim.com\/en\/#\/schema\/logo\/image\/","url":"https:\/\/www.strusim.com\/wp-content\/uploads\/2025\/04\/logo.svg","contentUrl":"https:\/\/www.strusim.com\/wp-content\/uploads\/2025\/04\/logo.svg","width":240,"height":55.28,"caption":"Strusim"},"image":{"@id":"http:\/\/www.strusim.com\/en\/#\/schema\/logo\/image\/"}}]}},"_links":{"self":[{"href":"https:\/\/www.strusim.com\/en\/wp-json\/wp\/v2\/pages\/65","targetHints":{"allow":["GET"]}}],"collection":[{"href":"https:\/\/www.strusim.com\/en\/wp-json\/wp\/v2\/pages"}],"about":[{"href":"https:\/\/www.strusim.com\/en\/wp-json\/wp\/v2\/types\/page"}],"author":[{"embeddable":true,"href":"https:\/\/www.strusim.com\/en\/wp-json\/wp\/v2\/users\/1"}],"replies":[{"embeddable":true,"href":"https:\/\/www.strusim.com\/en\/wp-json\/wp\/v2\/comments?post=65"}],"version-history":[{"count":6,"href":"https:\/\/www.strusim.com\/en\/wp-json\/wp\/v2\/pages\/65\/revisions"}],"predecessor-version":[{"id":921,"href":"https:\/\/www.strusim.com\/en\/wp-json\/wp\/v2\/pages\/65\/revisions\/921"}],"wp:attachment":[{"href":"https:\/\/www.strusim.com\/en\/wp-json\/wp\/v2\/media?parent=65"}],"curies":[{"name":"wp","href":"https:\/\/api.w.org\/{rel}","templated":true}]}}